{"id":2823,"date":"2019-08-28T19:59:36","date_gmt":"2019-08-28T22:59:36","guid":{"rendered":"https:\/\/colinbrokers.com.br\/site\/?page_id=2823"},"modified":"2019-09-04T10:31:05","modified_gmt":"2019-09-04T13:31:05","slug":"embarcacoes-novas","status":"publish","type":"page","link":"https:\/\/colinbrokers.com.br\/site\/embarcacoes-novas\/","title":{"rendered":"Embarca\u00e7\u00f5es Novas"},"content":{"rendered":"<p>[vc_row][vc_column][stm_car_listing_tabbed tab_affix=&#8221;&#8221; found_cars_prefix=&#8221;&#8221; search_icon=&#8221;stm-icon-search&#8221; filter_columns_number=&#8221;4&#8243; filter_selected=&#8221;serie,condition,pes&#8221; call_to_action_text_color=&#8221;#ffffff&#8221; enable_search=&#8221;true&#8221; taxonomy=&#8221;novo | condicao,&#8221; search_label=&#8221;PESQUISAR | FILTRAR&#8221; per_page=&#8221;999&#8243;][\/stm_car_listing_tabbed][\/vc_column][\/vc_row][vc_row css=&#8221;.vc_custom_1567603842748{margin-top: 30px !important;margin-bottom: 30px !important;}&#8221;][vc_column][vc_message icon_fontawesome=&#8221;stm-boats-icon-anchor&#8221;]* Todas as embarca\u00e7\u00f5es anunciadas neste site s\u00e3o de propriedade de terceiros.[\/vc_message][vc_message icon_fontawesome=&#8221;stm-service-icon-photo&#8221;]** Barcos novos com imagens ilustrativas, material de divulga\u00e7\u00e3o autorizado pelos estaleiros.[\/vc_message][\/vc_column][\/vc_row]<\/p>\n","protected":false},"excerpt":{"rendered":"<p>[vc_row][vc_column][stm_car_listing_tabbed tab_affix=&#8221;&#8221; found_cars_prefix=&#8221;&#8221; search_icon=&#8221;stm-icon-search&#8221; filter_columns_number=&#8221;4&#8243; filter_selected=&#8221;serie,condition,pes&#8221; call_to_action_text_color=&#8221;#ffffff&#8221; enable_search=&#8221;true&#8221; taxonomy=&#8221;novo | condicao,&#8221; search_label=&#8221;PESQUISAR | FILTRAR&#8221; per_page=&#8221;999&#8243;][\/stm_car_listing_tabbed][\/vc_column][\/vc_row][vc_row css=&#8221;.vc_custom_1567603842748{margin-top: 30px !important;margin-bottom: 30px !important;}&#8221;][vc_column][vc_message icon_fontawesome=&#8221;stm-boats-icon-anchor&#8221;]* Todas as embarca\u00e7\u00f5es anunciadas neste site s\u00e3o de propriedade de terceiros.[\/vc_message][vc_message icon_fontawesome=&#8221;stm-service-icon-photo&#8221;]** Barcos novos com imagens ilustrativas, material de divulga\u00e7\u00e3o autorizado pelos estaleiros.[\/vc_message][\/vc_column][\/vc_row]<\/p>\n","protected":false},"author":1,"featured_media":0,"parent":0,"menu_order":0,"comment_status":"closed","ping_status":"closed","template":"","meta":{"footnotes":""},"class_list":["post-2823","page","type-page","status-publish","hentry"],"_links":{"self":[{"href":"https:\/\/colinbrokers.com.br\/site\/wp-json\/wp\/v2\/pages\/2823","targetHints":{"allow":["GET"]}}],"collection":[{"href":"https:\/\/colinbrokers.com.br\/site\/wp-json\/wp\/v2\/pages"}],"about":[{"href":"https:\/\/colinbrokers.com.br\/site\/wp-json\/wp\/v2\/types\/page"}],"author":[{"embeddable":true,"href":"https:\/\/colinbrokers.com.br\/site\/wp-json\/wp\/v2\/users\/1"}],"replies":[{"embeddable":true,"href":"https:\/\/colinbrokers.com.br\/site\/wp-json\/wp\/v2\/comments?post=2823"}],"version-history":[{"count":29,"href":"https:\/\/colinbrokers.com.br\/site\/wp-json\/wp\/v2\/pages\/2823\/revisions"}],"predecessor-version":[{"id":2827,"href":"https:\/\/colinbrokers.com.br\/site\/wp-json\/wp\/v2\/pages\/2823\/revisions\/2827"}],"wp:attachment":[{"href":"https:\/\/colinbrokers.com.br\/site\/wp-json\/wp\/v2\/media?parent=2823"}],"curies":[{"name":"wp","href":"https:\/\/api.w.org\/{rel}","templated":true}]}}